{"id":4576,"date":"2020-09-14T19:34:23","date_gmt":"2020-09-14T17:34:23","guid":{"rendered":"https:\/\/iestierraestella.educacion.navarra.es\/web\/hizkuntza-eskola\/"},"modified":"2020-09-14T19:34:23","modified_gmt":"2020-09-14T17:34:23","slug":"hizkuntza-eskola","status":"publish","type":"page","link":"https:\/\/iestierraestella.educacion.navarra.es\/web\/eu\/hizkuntza-eskola\/","title":{"rendered":"HIZKUNTZA ESKOLA"},"content":{"rendered":"\t\t<div data-elementor-type=\"section\" data-elementor-id=\"4365\" class=\"elementor elementor-4365\" data-elementor-post-type=\"elementor_library\">\n\t\t\t\t\t\t\t\t<section class=\"elementor-section elementor-top-section elementor-element elementor-element-2a61beb elementor-section-height-min-height elementor-section-items-stretch elementor-section-stretched elementor-reverse-mobile elementor-section-boxed elementor-section-height-default\" data-id=\"2a61beb\" data-element_type=\"section\" data-settings=\"{&quot;background_background&quot;:&quot;classic&quot;,&quot;stretch_section&quot;:&quot;section-stretched&quot;,&quot;shape_divider_bottom&quot;:&quot;opacity-tilt&quot;,&quot;background_motion_fx_motion_fx_scrolling&quot;:&quot;yes&quot;,&quot;background_motion_fx_translateY_effect&quot;:&quot;yes&quot;,&quot;background_motion_fx_devices&quot;:[&quot;desktop&quot;,&quot;tablet&quot;],&quot;background_motion_fx_translateY_speed&quot;:{&quot;unit&quot;:&quot;px&quot;,&quot;size&quot;:4,&quot;sizes&quot;:[]},&quot;background_motion_fx_translateY_affectedRange&quot;:{&quot;unit&quot;:&quot;%&quot;,&quot;size&quot;:&quot;&quot;,&quot;sizes&quot;:{&quot;start&quot;:0,&quot;end&quot;:100}}}\">\n\t\t\t\t\t<div class=\"elementor-shape elementor-shape-bottom\" data-negative=\"false\">\n\t\t\t<svg xmlns=\"http:\/\/www.w3.org\/2000\/svg\" viewBox=\"0 0 2600 131.1\" preserveAspectRatio=\"none\">\n\t<path class=\"elementor-shape-fill\" d=\"M0 0L2600 0 2600 69.1 0 0z\"\/>\n\t<path class=\"elementor-shape-fill\" style=\"opacity:0.5\" d=\"M0 0L2600 0 2600 69.1 0 69.1z\"\/>\n\t<path class=\"elementor-shape-fill\" style=\"opacity:0.25\" d=\"M2600 0L0 0 0 130.1 2600 69.1z\"\/>\n<\/svg>\t\t<\/div>\n\t\t\t\t\t<div class=\"elementor-container elementor-column-gap-default\">\n\t\t\t\t\t<div class=\"elementor-column elementor-col-100 elementor-top-column elementor-element elementor-element-1ff387e\" data-id=\"1ff387e\" data-element_type=\"column\">\n\t\t\t<div class=\"elementor-widget-wrap elementor-element-populated\">\n\t\t\t\t\t\t\t\t<div class=\"elementor-element elementor-element-1a83a8e1 elementor-widget elementor-widget-wpml-language-switcher\" data-id=\"1a83a8e1\" data-element_type=\"widget\" data-widget_type=\"wpml-language-switcher.default\">\n\t\t\t\t<div class=\"elementor-widget-container\">\n\t\t\t<div class=\"wpml-elementor-ls\">\n<div class=\"wpml-ls-statics-footer wpml-ls wpml-ls-legacy-list-horizontal\" id=\"lang_sel_footer\">\n\t<ul role=\"menu\"><li class=\"wpml-ls-slot-footer wpml-ls-item wpml-ls-item-es wpml-ls-first-item wpml-ls-item-legacy-list-horizontal\" role=\"none\">\n\t\t\t\t<a href=\"https:\/\/iestierraestella.educacion.navarra.es\/web\/\" class=\"wpml-ls-link\" role=\"menuitem\"  aria-label=\"Switch to Castellano\" title=\"Switch to Castellano\" >\n                    <span class=\"wpml-ls-native icl_lang_sel_native\" lang=\"es\">Castellano<\/span><\/a>\n\t\t\t<\/li><li class=\"wpml-ls-slot-footer wpml-ls-item wpml-ls-item-eu wpml-ls-current-language wpml-ls-last-item wpml-ls-item-legacy-list-horizontal\" role=\"none\">\n\t\t\t\t<a href=\"https:\/\/iestierraestella.educacion.navarra.es\/web\/eu\/\" class=\"wpml-ls-link\" role=\"menuitem\" >\n                    <span class=\"wpml-ls-native icl_lang_sel_native\" role=\"menuitem\">Euskara<\/span><\/a>\n\t\t\t<\/li><\/ul>\n<\/div>\n<\/div>\t\t<\/div>\n\t\t\t\t<\/div>\n\t\t\t\t\t<\/div>\n\t\t<\/div>\n\t\t\t\t\t\t\t<\/div>\n\t\t<\/section>\n\t\t\t\t\t\t<\/div>\n\t\t\n\n<p>Ikasleek titulu ofizialak euskaraz, frantsesez eta ingelesez lor ditzakete institutuak Nafarroako Urrutiko Hizkuntza Eskola Ofizialarekin duen lankidetzari esker.<\/p>\n\n<p>Izena emateko epea zabalik dago azaroaren 9ra arte. <a href=\"http:\/\/iestierraestella.educacion.navarra.es\/web\/wp-content\/uploads\/2018\/10\/Matr&#xED;cula-EOIDNA-Secundaria-TUTORIAL.pdf\" target=\"_blank\" rel=\"noopener noreferrer\">Hemen<\/a> duzu matrikula egiteko tutoriala. EOIDNA webgunerako esteka ere.<\/p>\n\n<div class=\"wp-block-buttons is-layout-flex wp-block-buttons-is-layout-flex\">\n<div class=\"wp-block-button\"><a class=\"wp-block-button__link has-accent-background-color has-background\" href=\"https:\/\/eoidna.educacion.navarra.es\/\" style=\"border-radius:50px\" target=\"_blank\" rel=\"noreferrer noopener\">EOIDNA<\/a><\/div>\n<\/div>\n\t\t<div data-elementor-type=\"section\" data-elementor-id=\"5101\" class=\"elementor elementor-5101 elementor-4207\" data-elementor-post-type=\"elementor_library\">\n\t\t\t\t\t\t\t\t<section class=\"elementor-section elementor-top-section elementor-element elementor-element-6ff97aaa elementor-section-full_width elementor-section-stretched elementor-section-height-default elementor-section-height-default\" data-id=\"6ff97aaa\" data-element_type=\"section\" data-settings=\"{&quot;background_background&quot;:&quot;slideshow&quot;,&quot;shape_divider_top&quot;:&quot;opacity-tilt&quot;,&quot;background_slideshow_gallery&quot;:[{&quot;id&quot;:3588,&quot;url&quot;:&quot;https:\\\/\\\/iestierraestella.educacion.navarra.es\\\/web\\\/wp-content\\\/uploads\\\/2020\\\/09\\\/iest-tierra-estella-lizarraldea-bhi-el-estudio-verde-6.jpg&quot;}],&quot;stretch_section&quot;:&quot;section-stretched&quot;,&quot;background_slideshow_slide_duration&quot;:5000,&quot;background_slideshow_slide_transition&quot;:&quot;fade&quot;,&quot;background_slideshow_transition_duration&quot;:500}\">\n\t\t\t\t\t\t\t<div class=\"elementor-background-overlay\"><\/div>\n\t\t\t\t\t\t<div class=\"elementor-shape elementor-shape-top\" data-negative=\"false\">\n\t\t\t<svg xmlns=\"http:\/\/www.w3.org\/2000\/svg\" viewBox=\"0 0 2600 131.1\" preserveAspectRatio=\"none\">\n\t<path class=\"elementor-shape-fill\" d=\"M0 0L2600 0 2600 69.1 0 0z\"\/>\n\t<path class=\"elementor-shape-fill\" style=\"opacity:0.5\" d=\"M0 0L2600 0 2600 69.1 0 69.1z\"\/>\n\t<path class=\"elementor-shape-fill\" style=\"opacity:0.25\" d=\"M2600 0L0 0 0 130.1 2600 69.1z\"\/>\n<\/svg>\t\t<\/div>\n\t\t\t\t\t<div class=\"elementor-container elementor-column-gap-default\">\n\t\t\t\t\t<div class=\"elementor-column elementor-col-25 elementor-top-column elementor-element elementor-element-710e1f40\" data-id=\"710e1f40\" data-element_type=\"column\">\n\t\t\t<div class=\"elementor-widget-wrap elementor-element-populated\">\n\t\t\t\t\t\t\t\t<div class=\"elementor-element elementor-element-514eb368 elementor-widget elementor-widget-image\" data-id=\"514eb368\" data-element_type=\"widget\" data-widget_type=\"image.default\">\n\t\t\t\t<div class=\"elementor-widget-container\">\n\t\t\t\t\t\t\t\t\t\t\t\t\t\t\t<img fetchpriority=\"high\" decoding=\"async\" width=\"1024\" height=\"330\" src=\"https:\/\/iestierraestella.educacion.navarra.es\/web\/wp-content\/uploads\/2020\/09\/IDENTIDAD_HORIZONTAL_NEGATIVO__EL_ESTUDIO_VERDE-1024x330.png\" class=\"attachment-large size-large wp-image-3893\" alt=\"IES TIERRA ESTELLA - LIZARRALDEA BIH, INSTITUTO DE EDUCACI\u00d3N P\u00daBLICA SECUNDARIA Y BACHILLERATO EN CASTELLANO Y EUSKERA EN ESTELLA (NAVARRA). EDUCACI\u00d3N, NAVARRA, INSTITUTO, ALUMNOS, ESTUDIANTES\" srcset=\"https:\/\/iestierraestella.educacion.navarra.es\/web\/wp-content\/uploads\/2020\/09\/IDENTIDAD_HORIZONTAL_NEGATIVO__EL_ESTUDIO_VERDE-1024x330.png 1024w, https:\/\/iestierraestella.educacion.navarra.es\/web\/wp-content\/uploads\/2020\/09\/IDENTIDAD_HORIZONTAL_NEGATIVO__EL_ESTUDIO_VERDE-300x97.png 300w, https:\/\/iestierraestella.educacion.navarra.es\/web\/wp-content\/uploads\/2020\/09\/IDENTIDAD_HORIZONTAL_NEGATIVO__EL_ESTUDIO_VERDE-768x248.png 768w, https:\/\/iestierraestella.educacion.navarra.es\/web\/wp-content\/uploads\/2020\/09\/IDENTIDAD_HORIZONTAL_NEGATIVO__EL_ESTUDIO_VERDE-1536x496.png 1536w, https:\/\/iestierraestella.educacion.navarra.es\/web\/wp-content\/uploads\/2020\/09\/IDENTIDAD_HORIZONTAL_NEGATIVO__EL_ESTUDIO_VERDE-2048x661.png 2048w\" sizes=\"(max-width: 1024px) 100vw, 1024px\" \/>\t\t\t\t\t\t\t\t\t\t\t\t\t\t\t<\/div>\n\t\t\t\t<\/div>\n\t\t\t\t<div class=\"elementor-element elementor-element-ed997f3 elementor-shape-square elementor-grid-0 e-grid-align-center elementor-widget elementor-widget-social-icons\" data-id=\"ed997f3\" data-element_type=\"widget\" data-widget_type=\"social-icons.default\">\n\t\t\t\t<div class=\"elementor-widget-container\">\n\t\t\t\t\t<div class=\"elementor-social-icons-wrapper elementor-grid\">\n\t\t\t\t\t\t\t<span class=\"elementor-grid-item\">\n\t\t\t\t\t<a class=\"elementor-icon elementor-social-icon elementor-social-icon-facebook elementor-repeater-item-2178ec6\" href=\"https:\/\/www.facebook.com\/IES-Tierra-Estella-Lizarraldea-BHI-1908671676063329\/\" target=\"_blank\">\n\t\t\t\t\t\t<span class=\"elementor-screen-only\">Facebook<\/span>\n\t\t\t\t\t\t<i class=\"fab fa-facebook\"><\/i>\t\t\t\t\t<\/a>\n\t\t\t\t<\/span>\n\t\t\t\t\t\t\t<span class=\"elementor-grid-item\">\n\t\t\t\t\t<a class=\"elementor-icon elementor-social-icon elementor-social-icon-twitter elementor-repeater-item-83f0f69\" href=\"https:\/\/twitter.com\/iesestella?lang=es\" target=\"_blank\">\n\t\t\t\t\t\t<span class=\"elementor-screen-only\">Twitter<\/span>\n\t\t\t\t\t\t<i class=\"fab fa-twitter\"><\/i>\t\t\t\t\t<\/a>\n\t\t\t\t<\/span>\n\t\t\t\t\t\t\t<span class=\"elementor-grid-item\">\n\t\t\t\t\t<a class=\"elementor-icon elementor-social-icon elementor-social-icon-youtube elementor-repeater-item-8040224\" href=\"https:\/\/www.youtube.com\/channel\/UCK-7u5BIJB0-SI5LUHhZzvw\" target=\"_blank\">\n\t\t\t\t\t\t<span class=\"elementor-screen-only\">Youtube<\/span>\n\t\t\t\t\t\t<i class=\"fab fa-youtube\"><\/i>\t\t\t\t\t<\/a>\n\t\t\t\t<\/span>\n\t\t\t\t\t\t\t<span class=\"elementor-grid-item\">\n\t\t\t\t\t<a class=\"elementor-icon elementor-social-icon elementor-social-icon-instagram elementor-repeater-item-d71a650\" href=\"https:\/\/www.instagram.com\/iestierraestella\/\" target=\"_blank\">\n\t\t\t\t\t\t<span class=\"elementor-screen-only\">Instagram<\/span>\n\t\t\t\t\t\t<i class=\"fab fa-instagram\"><\/i>\t\t\t\t\t<\/a>\n\t\t\t\t<\/span>\n\t\t\t\t\t<\/div>\n\t\t\t\t<\/div>\n\t\t\t\t<\/div>\n\t\t\t\t<div class=\"elementor-element elementor-element-7bce266 elementor-align-center elementor-widget elementor-widget-button\" data-id=\"7bce266\" data-element_type=\"widget\" data-widget_type=\"button.default\">\n\t\t\t\t<div class=\"elementor-widget-container\">\n\t\t\t\t\t<div class=\"elementor-button-wrapper\">\n\t\t\t<a class=\"elementor-button elementor-button-link elementor-size-sm\" href=\"https:\/\/docs.google.com\/forms\/d\/e\/1FAIpQLSc5TlZIFtRq6nAfgdmzQ26T_06l0CEsvUbGLFgCtrARScBUuw\/viewform?usp=sharing\" target=\"_blank\">\n\t\t\t\t\t\t<span class=\"elementor-button-content-wrapper\">\n\t\t\t\t\t\t<span class=\"elementor-button-text\">Iradokizunak, Kexak, Erreklamazioak eta Esker onak<\/span>\n\t\t<\/span>\n\t\t\t\t\t<\/a>\n\t\t<\/div>\n\t\t\t\t<\/div>\n\t\t\t\t<\/div>\n\t\t\t\t\t<\/div>\n\t\t<\/div>\n\t\t\t\t<div class=\"elementor-column elementor-col-25 elementor-top-column elementor-element elementor-element-523b68c\" data-id=\"523b68c\" data-element_type=\"column\">\n\t\t\t<div class=\"elementor-widget-wrap elementor-element-populated\">\n\t\t\t\t\t\t\t\t<div class=\"elementor-element elementor-element-44012511 elementor-widget__width-initial elementor-widget elementor-widget-google_maps\" data-id=\"44012511\" data-element_type=\"widget\" data-widget_type=\"google_maps.default\">\n\t\t\t\t<div class=\"elementor-widget-container\">\n\t\t\t\t\t<div class=\"elementor-custom-embed\">\n\t\t\t<iframe loading=\"lazy\"\n\t\t\t\t\tsrc=\"https:\/\/maps.google.com\/maps?q=ies%20tierra%20estella&#038;t=m&#038;z=15&#038;output=embed&#038;iwloc=near\"\n\t\t\t\t\ttitle=\"ies tierra estella\"\n\t\t\t\t\taria-label=\"ies tierra estella\"\n\t\t\t><\/iframe>\n\t\t<\/div>\n\t\t\t\t<\/div>\n\t\t\t\t<\/div>\n\t\t\t\t<div class=\"elementor-element elementor-element-2cd521e4 elementor-icon-list--layout-traditional elementor-list-item-link-full_width elementor-widget elementor-widget-icon-list\" data-id=\"2cd521e4\" data-element_type=\"widget\" data-widget_type=\"icon-list.default\">\n\t\t\t\t<div class=\"elementor-widget-container\">\n\t\t\t\t\t<ul class=\"elementor-icon-list-items\">\n\t\t\t\t\t\t\t<li class=\"elementor-icon-list-item\">\n\t\t\t\t\t\t\t\t\t\t\t<span class=\"elementor-icon-list-icon\">\n\t\t\t\t\t\t\t<i aria-hidden=\"true\" class=\"fas fa-phone-alt\"><\/i>\t\t\t\t\t\t<\/span>\n\t\t\t\t\t\t\t\t\t\t<span class=\"elementor-icon-list-text\"><a href=\"tel:+34848431450 \",>848 431450 <\/a><\/span>\n\t\t\t\t\t\t\t\t\t<\/li>\n\t\t\t\t\t\t\t\t<li class=\"elementor-icon-list-item\">\n\t\t\t\t\t\t\t\t\t\t\t<span class=\"elementor-icon-list-icon\">\n\t\t\t\t\t\t\t<i aria-hidden=\"true\" class=\"far fa-envelope\"><\/i>\t\t\t\t\t\t<\/span>\n\t\t\t\t\t\t\t\t\t\t<span class=\"elementor-icon-list-text\"><a href=\"mailto:iesestel@educacion.navarra.es\">iesestel@educacion.navarra.es<\/a><\/span>\n\t\t\t\t\t\t\t\t\t<\/li>\n\t\t\t\t\t\t\t\t<li class=\"elementor-icon-list-item\">\n\t\t\t\t\t\t\t\t\t\t\t<a href=\"https:\/\/goo.gl\/maps\/y8ShWUBmWozLtTEp6\" target=\"_blank\">\n\n\t\t\t\t\t\t\t\t\t\t\t\t<span class=\"elementor-icon-list-icon\">\n\t\t\t\t\t\t\t<i aria-hidden=\"true\" class=\"fas fa-map-marker-alt\"><\/i>\t\t\t\t\t\t<\/span>\n\t\t\t\t\t\t\t\t\t\t<span class=\"elementor-icon-list-text\">Remontival Kalea, 7 31200 Lizarra<\/span>\n\t\t\t\t\t\t\t\t\t\t\t<\/a>\n\t\t\t\t\t\t\t\t\t<\/li>\n\t\t\t\t\t\t\t\t<li class=\"elementor-icon-list-item\">\n\t\t\t\t\t\t\t\t\t\t\t<a href=\"https:\/\/iestierraestella.educacion.navarra.es\/web\/politica-de-privacidad-cookies-y-condiciones-de-uso\/\" target=\"_blank\">\n\n\t\t\t\t\t\t\t\t\t\t\t\t<span class=\"elementor-icon-list-icon\">\n\t\t\t\t\t\t\t<i aria-hidden=\"true\" class=\"fas fa-cookie-bite\"><\/i>\t\t\t\t\t\t<\/span>\n\t\t\t\t\t\t\t\t\t\t<span class=\"elementor-icon-list-text\">Segurtasun eta Cookien araudia<\/span>\n\t\t\t\t\t\t\t\t\t\t\t<\/a>\n\t\t\t\t\t\t\t\t\t<\/li>\n\t\t\t\t\t\t<\/ul>\n\t\t\t\t<\/div>\n\t\t\t\t<\/div>\n\t\t\t\t\t<\/div>\n\t\t<\/div>\n\t\t\t\t<div class=\"elementor-column elementor-col-50 elementor-top-column elementor-element elementor-element-4ad307d7\" data-id=\"4ad307d7\" data-element_type=\"column\">\n\t\t\t<div class=\"elementor-widget-wrap elementor-element-populated\">\n\t\t\t\t\t\t\t\t<section class=\"elementor-section elementor-inner-section elementor-element elementor-element-55f20ba4 elementor-section-boxed elementor-section-height-default elementor-section-height-default\" data-id=\"55f20ba4\" data-element_type=\"section\">\n\t\t\t\t\t\t<div class=\"elementor-container elementor-column-gap-default\">\n\t\t\t\t\t<div class=\"elementor-column elementor-col-50 elementor-inner-column elementor-element elementor-element-5e9794a0\" data-id=\"5e9794a0\" data-element_type=\"column\">\n\t\t\t<div class=\"elementor-widget-wrap elementor-element-populated\">\n\t\t\t\t\t\t\t\t<div class=\"elementor-element elementor-element-5a3434d1 elementor-widget elementor-widget-image\" data-id=\"5a3434d1\" data-element_type=\"widget\" data-widget_type=\"image.default\">\n\t\t\t\t<div class=\"elementor-widget-container\">\n\t\t\t\t\t\t\t\t\t\t\t\t\t\t\t<img decoding=\"async\" width=\"303\" height=\"79\" src=\"https:\/\/iestierraestella.educacion.navarra.es\/web\/wp-content\/uploads\/2020\/09\/ea8551da-3d98-7c0c-691f-70b3763eb3d1-1.png\" class=\"attachment-large size-large wp-image-4084\" alt=\"\" srcset=\"https:\/\/iestierraestella.educacion.navarra.es\/web\/wp-content\/uploads\/2020\/09\/ea8551da-3d98-7c0c-691f-70b3763eb3d1-1.png 303w, https:\/\/iestierraestella.educacion.navarra.es\/web\/wp-content\/uploads\/2020\/09\/ea8551da-3d98-7c0c-691f-70b3763eb3d1-1-300x78.png 300w\" sizes=\"(max-width: 303px) 100vw, 303px\" \/>\t\t\t\t\t\t\t\t\t\t\t\t\t\t\t<\/div>\n\t\t\t\t<\/div>\n\t\t\t\t<div class=\"elementor-element elementor-element-56a9a31c elementor-widget elementor-widget-image\" data-id=\"56a9a31c\" data-element_type=\"widget\" data-widget_type=\"image.default\">\n\t\t\t\t<div class=\"elementor-widget-container\">\n\t\t\t\t\t\t\t\t\t\t\t\t\t\t\t<img decoding=\"async\" width=\"1024\" height=\"363\" src=\"https:\/\/iestierraestella.educacion.navarra.es\/web\/wp-content\/uploads\/2025\/08\/KALITATEZKO-IKASTETXEA-CENTRO-CALIDAD-1024x363.jpg\" class=\"attachment-large size-large wp-image-14630\" alt=\"\" srcset=\"https:\/\/iestierraestella.educacion.navarra.es\/web\/wp-content\/uploads\/2025\/08\/KALITATEZKO-IKASTETXEA-CENTRO-CALIDAD-1024x363.jpg 1024w, https:\/\/iestierraestella.educacion.navarra.es\/web\/wp-content\/uploads\/2025\/08\/KALITATEZKO-IKASTETXEA-CENTRO-CALIDAD-300x106.jpg 300w, https:\/\/iestierraestella.educacion.navarra.es\/web\/wp-content\/uploads\/2025\/08\/KALITATEZKO-IKASTETXEA-CENTRO-CALIDAD-768x272.jpg 768w, https:\/\/iestierraestella.educacion.navarra.es\/web\/wp-content\/uploads\/2025\/08\/KALITATEZKO-IKASTETXEA-CENTRO-CALIDAD-1536x544.jpg 1536w, https:\/\/iestierraestella.educacion.navarra.es\/web\/wp-content\/uploads\/2025\/08\/KALITATEZKO-IKASTETXEA-CENTRO-CALIDAD-2048x726.jpg 2048w\" sizes=\"(max-width: 1024px) 100vw, 1024px\" \/>\t\t\t\t\t\t\t\t\t\t\t\t\t\t\t<\/div>\n\t\t\t\t<\/div>\n\t\t\t\t<div class=\"elementor-element elementor-element-6e3d31a elementor-widget elementor-widget-image\" data-id=\"6e3d31a\" data-element_type=\"widget\" data-widget_type=\"image.default\">\n\t\t\t\t<div class=\"elementor-widget-container\">\n\t\t\t\t\t\t\t\t\t\t\t\t\t\t\t<img loading=\"lazy\" decoding=\"async\" width=\"686\" height=\"167\" src=\"https:\/\/iestierraestella.educacion.navarra.es\/web\/wp-content\/uploads\/2024\/10\/logo-escuelas-solidarias2.png\" class=\"attachment-large size-large wp-image-13620\" alt=\"\" srcset=\"https:\/\/iestierraestella.educacion.navarra.es\/web\/wp-content\/uploads\/2024\/10\/logo-escuelas-solidarias2.png 686w, https:\/\/iestierraestella.educacion.navarra.es\/web\/wp-content\/uploads\/2024\/10\/logo-escuelas-solidarias2-300x73.png 300w\" sizes=\"(max-width: 686px) 100vw, 686px\" \/>\t\t\t\t\t\t\t\t\t\t\t\t\t\t\t<\/div>\n\t\t\t\t<\/div>\n\t\t\t\t\t<\/div>\n\t\t<\/div>\n\t\t\t\t<div class=\"elementor-column elementor-col-50 elementor-inner-column elementor-element elementor-element-4b616e4\" data-id=\"4b616e4\" data-element_type=\"column\">\n\t\t\t<div class=\"elementor-widget-wrap elementor-element-populated\">\n\t\t\t\t\t\t\t\t<div class=\"elementor-element elementor-element-5fde9c37 elementor-widget elementor-widget-image\" data-id=\"5fde9c37\" data-element_type=\"widget\" data-widget_type=\"image.default\">\n\t\t\t\t<div class=\"elementor-widget-container\">\n\t\t\t\t\t\t\t\t\t\t\t\t\t\t\t<img loading=\"lazy\" decoding=\"async\" width=\"274\" height=\"100\" src=\"https:\/\/iestierraestella.educacion.navarra.es\/web\/wp-content\/uploads\/2020\/09\/logo-EOIDNA-25-aniversario.png\" class=\"attachment-large size-large wp-image-4080\" alt=\"\" \/>\t\t\t\t\t\t\t\t\t\t\t\t\t\t\t<\/div>\n\t\t\t\t<\/div>\n\t\t\t\t<div class=\"elementor-element elementor-element-af9f3f7 elementor-widget elementor-widget-image\" data-id=\"af9f3f7\" data-element_type=\"widget\" data-widget_type=\"image.default\">\n\t\t\t\t<div class=\"elementor-widget-container\">\n\t\t\t\t\t\t\t\t\t\t\t\t\t\t\t<img loading=\"lazy\" decoding=\"async\" width=\"310\" height=\"177\" src=\"https:\/\/iestierraestella.educacion.navarra.es\/web\/wp-content\/uploads\/2021\/05\/LOGO_PROEDUCAR_FSE-pequeno.jpg\" class=\"attachment-large size-large wp-image-6213\" alt=\"\" srcset=\"https:\/\/iestierraestella.educacion.navarra.es\/web\/wp-content\/uploads\/2021\/05\/LOGO_PROEDUCAR_FSE-pequeno.jpg 310w, https:\/\/iestierraestella.educacion.navarra.es\/web\/wp-content\/uploads\/2021\/05\/LOGO_PROEDUCAR_FSE-pequeno-300x171.jpg 300w\" sizes=\"(max-width: 310px) 100vw, 310px\" \/>\t\t\t\t\t\t\t\t\t\t\t\t\t\t\t<\/div>\n\t\t\t\t<\/div>\n\t\t\t\t\t<\/div>\n\t\t<\/div>\n\t\t\t\t\t\t\t<\/div>\n\t\t<\/section>\n\t\t\t\t\t<\/div>\n\t\t<\/div>\n\t\t\t\t\t\t\t<\/div>\n\t\t<\/section>\n\t\t\t\t\t\t<\/div>\n\t\t\n","protected":false},"excerpt":{"rendered":"<p>Ikasleek titulu ofizialak euskaraz, frantsesez eta ingelesez lor ditzakete institutuak Nafarroako Urrutiko Hizkuntza Eskola Ofizialarekin duen lankidetzari esker. Izena emateko epea zabalik dago azaroaren 9ra arte. Hemen duzu matrikula egiteko tutoriala. EOIDNA webgunerako esteka ere.<\/p>\n","protected":false},"author":4,"featured_media":0,"parent":0,"menu_order":0,"comment_status":"closed","ping_status":"closed","template":"","meta":{"_genesis_hide_title":false,"_genesis_hide_breadcrumbs":false,"_genesis_hide_singular_image":false,"_genesis_hide_footer_widgets":false,"_genesis_custom_body_class":"","_genesis_custom_post_class":"","_genesis_layout":"","footnotes":""},"_links":{"self":[{"href":"https:\/\/iestierraestella.educacion.navarra.es\/web\/eu\/wp-json\/wp\/v2\/pages\/4576"}],"collection":[{"href":"https:\/\/iestierraestella.educacion.navarra.es\/web\/eu\/wp-json\/wp\/v2\/pages"}],"about":[{"href":"https:\/\/iestierraestella.educacion.navarra.es\/web\/eu\/wp-json\/wp\/v2\/types\/page"}],"author":[{"embeddable":true,"href":"https:\/\/iestierraestella.educacion.navarra.es\/web\/eu\/wp-json\/wp\/v2\/users\/4"}],"replies":[{"embeddable":true,"href":"https:\/\/iestierraestella.educacion.navarra.es\/web\/eu\/wp-json\/wp\/v2\/comments?post=4576"}],"version-history":[{"count":1,"href":"https:\/\/iestierraestella.educacion.navarra.es\/web\/eu\/wp-json\/wp\/v2\/pages\/4576\/revisions"}],"predecessor-version":[{"id":4577,"href":"https:\/\/iestierraestella.educacion.navarra.es\/web\/eu\/wp-json\/wp\/v2\/pages\/4576\/revisions\/4577"}],"wp:attachment":[{"href":"https:\/\/iestierraestella.educacion.navarra.es\/web\/eu\/wp-json\/wp\/v2\/media?parent=4576"}],"curies":[{"name":"wp","href":"https:\/\/api.w.org\/{rel}","templated":true}]}}